{"id":463,"date":"2024-04-17T17:02:09","date_gmt":"2024-04-17T20:02:09","guid":{"rendered":"https:\/\/flowup.agency\/lalaferreira\/?page_id=463"},"modified":"2024-04-18T12:55:53","modified_gmt":"2024-04-18T15:55:53","slug":"biografia","status":"publish","type":"page","link":"https:\/\/trecheirosbrasil.com.br\/lalaferreira\/biografia\/","title":{"rendered":"Biografia"},"content":{"rendered":"<section class=\"l-section wpb_row height_medium\"><div class=\"l-section-h i-cf\"><div class=\"g-cols vc_row via_grid cols_1 laptops-cols_inherit tablets-cols_inherit mobiles-cols_1 valign_top type_default stacking_default\"><div class=\"wpb_column vc_column_container\"><div class=\"vc_column-inner\"><h5 class=\"w-text us_custom_07960d64 hide_on_default hide_on_laptops hide_on_tablets hide_on_mobiles\"><span class=\"w-text-h\"><span class=\"w-text-value\">Lal\u00e1 Ferreira<\/span><\/span><\/h5><div class=\"wpb_text_column\"><div class=\"wpb_wrapper\"><h1>Biografia<\/h1>\n<\/div><\/div><\/div><\/div><\/div><\/div><\/section><section class=\"l-section wpb_row height_medium\"><div class=\"l-section-h i-cf\"><div class=\"g-cols vc_row via_grid cols_1 laptops-cols_inherit tablets-cols_1 mobiles-cols_1 valign_top type_default stacking_default\" style=\"--gap:40px;\"><div class=\"wpb_column vc_column_container\"><div class=\"vc_column-inner\"><div class=\"wpb_text_column us_custom_294da570\"><div class=\"wpb_wrapper\"><p>Me chamo Francinaldo Ferreira de Sena, carinhosamente chamado pelos meus irm\u00e3os de Lala. Minha jornada na m\u00fasica come\u00e7ou no ano de 1985, participando de festivais regionais, sendo um deles o mais famoso do Rio Grande do Norte, o &#8220;A Mais Bela Voz da R\u00e1dio Rural de Mossor\u00f3&#8221;.<\/p>\n<p>No ano de 1987, ingressei na carreira profissional, passando por v\u00e1rias bandas de baile, entre elas a famosa Banda For\u00e7a Livre, onde assumi o vocal por nove anos.<\/p>\n<p>Em 1998, tive uma passagem pela Banda Som do Norte. Redondo, um dos maiores sanfoneiros do Brasil, e Rita de C\u00e1ssia, grande compositora de forr\u00f3, foram meus padrinhos para que eu conseguisse atingir o \u00e1pice da minha carreira. Foi em 1999, quando era vocalista do Forroz\u00e3o Rabo de Galo, que recebi o convite para fazer parte da maior banda de forr\u00f3 do planeta, Mastruz com Leite.<\/p>\n<p>Tive o privil\u00e9gio de gravar sete CDs, viajar por todo o Brasil, me apresentando nas maiores casas de shows do pa\u00eds, como Patativa e CTN em S\u00e3o Paulo, al\u00e9m de participar do maior S\u00e3o Jo\u00e3o do Brasil diversas vezes, em Caruaru, Campina Grande, Bahia, e por todo o Brasil.<\/p>\n<p>Fui escolhido como a propaganda oficial da Tele Sena de S\u00e3o Jo\u00e3o em 2001, e recebi o pr\u00eamio de Melhor Show do Ano 2001 pela R\u00e1dio Gazeta e Revista Vaquejada.<\/p>\n<p>Em 2003, fiz uma turn\u00ea pela Europa e Am\u00e9rica, com shows em Portugal, Su\u00ed\u00e7a e Estados Unidos. Tive a honra de me apresentar em importantes programas de TV de sucesso, como o Programa do Ratinho, Programa da Hebe, Sabad\u00e3o com o Gugu, Superpop com Luciana Gimenez, Doming\u00e3o do Faust\u00e3o, Programa Raul Gil, Ver\u00e3o Vivo com Luciano do Valle, Programa da Jack, A Tarde \u00e9 Sua com Sonia Abr\u00e3o, Jo\u00e3o Kleber, entre muitos outros.<\/p>\n<p>Foi uma honra ter feito parte da hist\u00f3ria da Mastruz com Leite, um legado e aprendizado incr\u00edveis. Uma banda que conquistou v\u00e1rios discos de ouro, platina e diamante, e eu sou parte dessa hist\u00f3ria.<\/p>\n<p>No ano de 2004, me desliguei da Mastruz com Leite, tendo uma passagem r\u00e1pida por Ferro na Boneca e Collo de Menina. Em seguida, iniciei minha carreira solo e at\u00e9 hoje, Lala Ferreira segue firme na estrada levando o nosso forr\u00f3 Brasil afora.<\/p>\n<\/div><\/div><\/div><\/div><\/div><\/div><\/section><section class=\"l-section wpb_row height_medium width_full\"><div class=\"l-section-h i-cf\"><div class=\"g-cols vc_row via_grid cols_1 laptops-cols_inherit tablets-cols_inherit mobiles-cols_1 valign_top type_default stacking_default\"><div class=\"wpb_column vc_column_container\"><div class=\"vc_column-inner\"><div class=\"w-separator size_small\"><\/div><div class=\"w-grid us_custom_c089b99a type_grid layout_121 cols_4 overflow_hidden\" id=\"us_grid_1\" style=\"--gap:20px;\" data-filterable=\"true\"><style>@media (max-width:1380px){#us_grid_1 .w-grid-item{width:33.3333%}}@media (max-width:1024px){#us_grid_1 .w-grid-list{margin:0}#us_grid_1 .w-grid-item{width:100%;padding:0;margin-bottom:var(--gap,0px)}}@media (max-width:600px){#us_grid_1 .w-grid-list{margin:0}#us_grid_1 .w-grid-item{width:100%;padding:0;margin-bottom:var(--gap,0px)}}.layout_121 .w-grid-item-h{}.layout_121 .usg_post_image_1{border-radius:20px!important;border-style:solid!important;border-width:2px!important}<\/style><div class=\"w-grid-list\">\t<article class=\"w-grid-item size_1x1 post-482 attachment type-attachment status-inherit hentry\" data-id=\"482\">\r\n\t\t<div class=\"w-grid-item-h\">\r\n\t\t\t\t\t\t<div class=\"w-post-elm post_image usg_post_image_1 has_ratio\"><div style=\"padding-bottom:100%\"><\/div><img loading=\"lazy\" decoding=\"async\" width=\"682\" height=\"1024\" src=\"https:\/\/trecheirosbrasil.com.br\/lalaferreira\/wp-content\/uploads\/2024\/04\/WhatsApp-Image-2024-03-21-at-16.38.17-682x1024.jpeg\" class=\"attachment-large size-large\" alt=\"\" srcset=\"https:\/\/trecheirosbrasil.com.br\/lalaferreira\/wp-content\/uploads\/2024\/04\/WhatsApp-Image-2024-03-21-at-16.38.17-682x1024.jpeg 682w, https:\/\/trecheirosbrasil.com.br\/lalaferreira\/wp-content\/uploads\/2024\/04\/WhatsApp-Image-2024-03-21-at-16.38.17-200x300.jpeg 200w, https:\/\/trecheirosbrasil.com.br\/lalaferreira\/wp-content\/uploads\/2024\/04\/WhatsApp-Image-2024-03-21-at-16.38.17.jpeg 853w\" sizes=\"auto, (max-width: 682px) 100vw, 682px\" \/><\/div>\t\t<\/div>\r\n\t\t\t<\/article>\r\n\t<article class=\"w-grid-item size_1x1 post-510 attachment type-attachment status-inherit hentry\" data-id=\"510\">\r\n\t\t<div class=\"w-grid-item-h\">\r\n\t\t\t\t\t\t<div class=\"w-post-elm post_image usg_post_image_1 has_ratio\"><div style=\"padding-bottom:100%\"><\/div><img loading=\"lazy\" decoding=\"async\" width=\"500\" height=\"500\" src=\"https:\/\/trecheirosbrasil.com.br\/lalaferreira\/wp-content\/uploads\/2024\/04\/WhatsApp-Image-2024-03-21-at-16.37.55-2.jpeg\" class=\"attachment-large size-large\" alt=\"\" srcset=\"https:\/\/trecheirosbrasil.com.br\/lalaferreira\/wp-content\/uploads\/2024\/04\/WhatsApp-Image-2024-03-21-at-16.37.55-2.jpeg 500w, https:\/\/trecheirosbrasil.com.br\/lalaferreira\/wp-content\/uploads\/2024\/04\/WhatsApp-Image-2024-03-21-at-16.37.55-2-300x300.jpeg 300w, https:\/\/trecheirosbrasil.com.br\/lalaferreira\/wp-content\/uploads\/2024\/04\/WhatsApp-Image-2024-03-21-at-16.37.55-2-150x150.jpeg 150w\" sizes=\"auto, (max-width: 500px) 100vw, 500px\" \/><\/div>\t\t<\/div>\r\n\t\t\t<\/article>\r\n\t<article class=\"w-grid-item size_1x1 post-511 attachment type-attachment status-inherit hentry\" data-id=\"511\">\r\n\t\t<div class=\"w-grid-item-h\">\r\n\t\t\t\t\t\t<div class=\"w-post-elm post_image usg_post_image_1 has_ratio\"><div style=\"padding-bottom:100%\"><\/div><img loading=\"lazy\" decoding=\"async\" width=\"846\" height=\"1024\" src=\"https:\/\/trecheirosbrasil.com.br\/lalaferreira\/wp-content\/uploads\/2024\/04\/WhatsApp-Image-2024-03-21-at-16.37.55-3-846x1024.jpeg\" class=\"attachment-large size-large\" alt=\"\" srcset=\"https:\/\/trecheirosbrasil.com.br\/lalaferreira\/wp-content\/uploads\/2024\/04\/WhatsApp-Image-2024-03-21-at-16.37.55-3-846x1024.jpeg 846w, https:\/\/trecheirosbrasil.com.br\/lalaferreira\/wp-content\/uploads\/2024\/04\/WhatsApp-Image-2024-03-21-at-16.37.55-3-248x300.jpeg 248w, https:\/\/trecheirosbrasil.com.br\/lalaferreira\/wp-content\/uploads\/2024\/04\/WhatsApp-Image-2024-03-21-at-16.37.55-3.jpeg 1057w\" sizes=\"auto, (max-width: 846px) 100vw, 846px\" \/><\/div>\t\t<\/div>\r\n\t\t\t<\/article>\r\n\t<article class=\"w-grid-item size_1x1 post-512 attachment type-attachment status-inherit hentry\" data-id=\"512\">\r\n\t\t<div class=\"w-grid-item-h\">\r\n\t\t\t\t\t\t<div class=\"w-post-elm post_image usg_post_image_1 has_ratio\"><div style=\"padding-bottom:100%\"><\/div><img loading=\"lazy\" decoding=\"async\" width=\"720\" height=\"821\" src=\"https:\/\/trecheirosbrasil.com.br\/lalaferreira\/wp-content\/uploads\/2024\/04\/WhatsApp-Image-2024-03-21-at-16.37.55-4.jpeg\" class=\"attachment-large size-large\" alt=\"\" srcset=\"https:\/\/trecheirosbrasil.com.br\/lalaferreira\/wp-content\/uploads\/2024\/04\/WhatsApp-Image-2024-03-21-at-16.37.55-4.jpeg 720w, https:\/\/trecheirosbrasil.com.br\/lalaferreira\/wp-content\/uploads\/2024\/04\/WhatsApp-Image-2024-03-21-at-16.37.55-4-263x300.jpeg 263w\" sizes=\"auto, (max-width: 720px) 100vw, 720px\" \/><\/div>\t\t<\/div>\r\n\t\t\t<\/article>\r\n\t<article class=\"w-grid-item size_1x1 post-514 attachment type-attachment status-inherit hentry\" data-id=\"514\">\r\n\t\t<div class=\"w-grid-item-h\">\r\n\t\t\t\t\t\t<div class=\"w-post-elm post_image usg_post_image_1 has_ratio\"><div style=\"padding-bottom:100%\"><\/div><img loading=\"lazy\" decoding=\"async\" width=\"960\" height=\"544\" src=\"https:\/\/trecheirosbrasil.com.br\/lalaferreira\/wp-content\/uploads\/2024\/04\/WhatsApp-Image-2024-03-21-at-16.37.55-5.jpeg\" class=\"attachment-large size-large\" alt=\"\" srcset=\"https:\/\/trecheirosbrasil.com.br\/lalaferreira\/wp-content\/uploads\/2024\/04\/WhatsApp-Image-2024-03-21-at-16.37.55-5.jpeg 960w, https:\/\/trecheirosbrasil.com.br\/lalaferreira\/wp-content\/uploads\/2024\/04\/WhatsApp-Image-2024-03-21-at-16.37.55-5-300x170.jpeg 300w\" sizes=\"auto, (max-width: 960px) 100vw, 960px\" \/><\/div>\t\t<\/div>\r\n\t\t\t<\/article>\r\n\t<article class=\"w-grid-item size_1x1 post-513 attachment type-attachment status-inherit hentry\" data-id=\"513\">\r\n\t\t<div class=\"w-grid-item-h\">\r\n\t\t\t\t\t\t<div class=\"w-post-elm post_image usg_post_image_1 has_ratio\"><div style=\"padding-bottom:100%\"><\/div><img loading=\"lazy\" decoding=\"async\" width=\"1024\" height=\"1024\" src=\"https:\/\/trecheirosbrasil.com.br\/lalaferreira\/wp-content\/uploads\/2024\/04\/WhatsApp-Image-2024-03-21-at-16.37.56-1024x1024.jpeg\" class=\"attachment-large size-large\" alt=\"\" srcset=\"https:\/\/trecheirosbrasil.com.br\/lalaferreira\/wp-content\/uploads\/2024\/04\/WhatsApp-Image-2024-03-21-at-16.37.56-1024x1024.jpeg 1024w, https:\/\/trecheirosbrasil.com.br\/lalaferreira\/wp-content\/uploads\/2024\/04\/WhatsApp-Image-2024-03-21-at-16.37.56-300x300.jpeg 300w, https:\/\/trecheirosbrasil.com.br\/lalaferreira\/wp-content\/uploads\/2024\/04\/WhatsApp-Image-2024-03-21-at-16.37.56-150x150.jpeg 150w, https:\/\/trecheirosbrasil.com.br\/lalaferreira\/wp-content\/uploads\/2024\/04\/WhatsApp-Image-2024-03-21-at-16.37.56.jpeg 1800w\" sizes=\"auto, (max-width: 1024px) 100vw, 1024px\" \/><\/div>\t\t<\/div>\r\n\t\t\t<\/article>\r\n\t<article class=\"w-grid-item size_1x1 post-509 attachment type-attachment status-inherit hentry\" data-id=\"509\">\r\n\t\t<div class=\"w-grid-item-h\">\r\n\t\t\t\t\t\t<div class=\"w-post-elm post_image usg_post_image_1 has_ratio\"><div style=\"padding-bottom:100%\"><\/div><img loading=\"lazy\" decoding=\"async\" width=\"1024\" height=\"630\" src=\"https:\/\/trecheirosbrasil.com.br\/lalaferreira\/wp-content\/uploads\/2024\/04\/WhatsApp-Image-2024-03-21-at-16.37.55-1-1024x630.jpeg\" class=\"attachment-large size-large\" alt=\"\" srcset=\"https:\/\/trecheirosbrasil.com.br\/lalaferreira\/wp-content\/uploads\/2024\/04\/WhatsApp-Image-2024-03-21-at-16.37.55-1-1024x630.jpeg 1024w, https:\/\/trecheirosbrasil.com.br\/lalaferreira\/wp-content\/uploads\/2024\/04\/WhatsApp-Image-2024-03-21-at-16.37.55-1-300x184.jpeg 300w, https:\/\/trecheirosbrasil.com.br\/lalaferreira\/wp-content\/uploads\/2024\/04\/WhatsApp-Image-2024-03-21-at-16.37.55-1.jpeg 1280w\" sizes=\"auto, (max-width: 1024px) 100vw, 1024px\" \/><\/div>\t\t<\/div>\r\n\t\t\t<\/article>\r\n\t<article class=\"w-grid-item size_1x1 post-515 attachment type-attachment status-inherit hentry\" data-id=\"515\">\r\n\t\t<div class=\"w-grid-item-h\">\r\n\t\t\t\t\t\t<div class=\"w-post-elm post_image usg_post_image_1 has_ratio\"><div style=\"padding-bottom:100%\"><\/div><img loading=\"lazy\" decoding=\"async\" width=\"819\" height=\"1024\" src=\"https:\/\/trecheirosbrasil.com.br\/lalaferreira\/wp-content\/uploads\/2024\/04\/WhatsApp-Image-2024-03-21-at-16.37.56-1-819x1024.jpeg\" class=\"attachment-large size-large\" alt=\"\" srcset=\"https:\/\/trecheirosbrasil.com.br\/lalaferreira\/wp-content\/uploads\/2024\/04\/WhatsApp-Image-2024-03-21-at-16.37.56-1-819x1024.jpeg 819w, https:\/\/trecheirosbrasil.com.br\/lalaferreira\/wp-content\/uploads\/2024\/04\/WhatsApp-Image-2024-03-21-at-16.37.56-1-240x300.jpeg 240w, https:\/\/trecheirosbrasil.com.br\/lalaferreira\/wp-content\/uploads\/2024\/04\/WhatsApp-Image-2024-03-21-at-16.37.56-1.jpeg 1024w\" sizes=\"auto, (max-width: 819px) 100vw, 819px\" \/><\/div>\t\t<\/div>\r\n\t\t\t<\/article>\r\n<\/div><div class=\"w-grid-preloader\">\t<div class=\"g-preloader type_1\">\r\n\t\t<div><\/div>\r\n\t<\/div>\r\n\t<\/div>\t<div class=\"w-grid-json hidden\" onclick='return {&quot;action&quot;:&quot;us_ajax_grid&quot;,&quot;infinite_scroll&quot;:0,&quot;max_num_pages&quot;:1,&quot;pagination&quot;:&quot;none&quot;,&quot;template_vars&quot;:{&quot;columns&quot;:&quot;4&quot;,&quot;exclude_items&quot;:&quot;none&quot;,&quot;img_size&quot;:&quot;default&quot;,&quot;ignore_items_size&quot;:0,&quot;items_layout&quot;:&quot;121&quot;,&quot;items_offset&quot;:&quot;1&quot;,&quot;load_animation&quot;:&quot;none&quot;,&quot;overriding_link&quot;:&quot;%7B%22url%22%3A%22%22%7D&quot;,&quot;post_id&quot;:0,&quot;query_args&quot;:{&quot;post_type&quot;:[&quot;attachment&quot;],&quot;post__in&quot;:[&quot;482&quot;,&quot;510&quot;,&quot;511&quot;,&quot;512&quot;,&quot;514&quot;,&quot;513&quot;,&quot;509&quot;,&quot;515&quot;],&quot;post_status&quot;:&quot;inherit&quot;,&quot;post_mime_type&quot;:&quot;image&quot;,&quot;posts_per_page&quot;:&quot;10&quot;},&quot;orderby_query_args&quot;:{&quot;orderby&quot;:{&quot;post__in&quot;:&quot;ASC&quot;},&quot;order&quot;:&quot;ASC&quot;},&quot;type&quot;:&quot;grid&quot;,&quot;us_grid_post_type&quot;:&quot;attachment&quot;,&quot;us_grid_ajax_index&quot;:1,&quot;us_grid_filter_params&quot;:[],&quot;us_grid_index&quot;:1,&quot;page_args&quot;:[]}}'><\/div>\r\n\t<\/div><\/div><\/div><\/div><\/div><\/section>\n","protected":false},"excerpt":{"rendered":"","protected":false},"author":1,"featured_media":0,"parent":0,"menu_order":0,"comment_status":"closed","ping_status":"closed","template":"","meta":{"_acf_changed":false,"footnotes":""},"class_list":["post-463","page","type-page","status-publish","hentry"],"acf":[],"_links":{"self":[{"href":"https:\/\/trecheirosbrasil.com.br\/lalaferreira\/wp-json\/wp\/v2\/pages\/463","targetHints":{"allow":["GET"]}}],"collection":[{"href":"https:\/\/trecheirosbrasil.com.br\/lalaferreira\/wp-json\/wp\/v2\/pages"}],"about":[{"href":"https:\/\/trecheirosbrasil.com.br\/lalaferreira\/wp-json\/wp\/v2\/types\/page"}],"author":[{"embeddable":true,"href":"https:\/\/trecheirosbrasil.com.br\/lalaferreira\/wp-json\/wp\/v2\/users\/1"}],"replies":[{"embeddable":true,"href":"https:\/\/trecheirosbrasil.com.br\/lalaferreira\/wp-json\/wp\/v2\/comments?post=463"}],"version-history":[{"count":24,"href":"https:\/\/trecheirosbrasil.com.br\/lalaferreira\/wp-json\/wp\/v2\/pages\/463\/revisions"}],"predecessor-version":[{"id":516,"href":"https:\/\/trecheirosbrasil.com.br\/lalaferreira\/wp-json\/wp\/v2\/pages\/463\/revisions\/516"}],"wp:attachment":[{"href":"https:\/\/trecheirosbrasil.com.br\/lalaferreira\/wp-json\/wp\/v2\/media?parent=463"}],"curies":[{"name":"wp","href":"https:\/\/api.w.org\/{rel}","templated":true}]}}